{"id":1843,"date":"2023-05-10T02:39:48","date_gmt":"2023-05-10T02:39:48","guid":{"rendered":"https:\/\/turbo.redq.io\/?page_id=1843"},"modified":"2025-05-22T22:05:20","modified_gmt":"2025-05-22T19:05:20","slug":"profile","status":"publish","type":"page","link":"https:\/\/maik-rentcar.gr\/de\/profile\/","title":{"rendered":"Profil"},"content":{"rendered":"<div data-elementor-type=\"wp-page\" data-elementor-id=\"1843\" class=\"elementor elementor-1843\">\n\t\t\t\t\t\t<section class=\"elementor-section elementor-top-section elementor-element elementor-element-7747c2c elementor-section-boxed elementor-section-height-default elementor-section-height-default\" data-id=\"7747c2c\" data-element_type=\"section\" data-e-type=\"section\">\n\t\t\t\t\t\t<div class=\"elementor-container elementor-column-gap-no\">\n\t\t\t\t\t<div class=\"elementor-column elementor-col-100 elementor-top-column elementor-element elementor-element-30d9476\" data-id=\"30d9476\" data-element_type=\"column\" data-e-type=\"column\">\n\t\t\t<div class=\"elementor-widget-wrap elementor-element-populated\">\n\t\t\t\t\t\t<div class=\"elementor-element elementor-element-9ffcb56 elementor-widget elementor-widget-tm_fancy_title\" data-id=\"9ffcb56\" data-element_type=\"widget\" data-e-type=\"widget\" data-widget_type=\"tm_fancy_title.default\">\n\t\t\t\t<div class=\"elementor-widget-container\">\n\t\t\t\t\t\n<div class=\"fancy-title-container\">\n    <h2 class=\"fancy-title font-semibold uppercase text-h2\">\u00dcBER UNS<\/h2>\n\n    \n<\/div>\t\t\t\t<\/div>\n\t\t\t\t<\/div>\n\t\t\t\t<div class=\"elementor-element elementor-element-7ee879e workflow elementor-widget elementor-widget-tm_workflow\" data-id=\"7ee879e\" data-element_type=\"widget\" data-e-type=\"widget\" data-widget_type=\"tm_workflow.default\">\n\t\t\t\t<div class=\"elementor-widget-container\">\n\t\t\t\t\t<div class=\"lg:container mx-auto px-4 layout-vertical\">\n    <div class=\"grid grid-cols-1 sm:grid-cols-2 lg:grid-cols-4 gap-8\">\n                    <div class=\"wf_card bg-bg-white relative z-10 text-center shadow-main py-10 xl:py-16 px-6 rounded-lg\">\n                                    <span class=\"icon_bg flex justify-center mb-10 xl:mb-13\">\n                        <img decoding=\"async\" src=\"https:\/\/maik-rentcar.fdn-group.com\/wp-content\/uploads\/2024\/02\/star-01-01.svg\" alt=\"Search Location\" \/>\n                    <\/span>\n                                <h2 class=\"wf_title text-lg font-semibold uppercase text-brand\">20<\/h2>\n                <p class=\"wf_content mt-2 mb-0 text-sm text-light-text leading-6\">Jahr Erfahrung<\/p>\n            <\/div>\n                    <div class=\"wf_card bg-bg-white relative z-10 text-center shadow-main py-10 xl:py-16 px-6 rounded-lg\">\n                                    <span class=\"icon_bg flex justify-center mb-10 xl:mb-13\">\n                        <img decoding=\"async\" src=\"https:\/\/maik-rentcar.fdn-group.com\/wp-content\/uploads\/2024\/02\/person-01.svg\" alt=\"Search Location\" \/>\n                    <\/span>\n                                <h2 class=\"wf_title text-lg font-semibold uppercase text-brand\">1500<\/h2>\n                <p class=\"wf_content mt-2 mb-0 text-sm text-light-text leading-6\">Zufriedene Kunden<\/p>\n            <\/div>\n                    <div class=\"wf_card bg-bg-white relative z-10 text-center shadow-main py-10 xl:py-16 px-6 rounded-lg\">\n                                    <span class=\"icon_bg flex justify-center mb-10 xl:mb-13\">\n                        <img decoding=\"async\" src=\"https:\/\/maik-rentcar.fdn-group.com\/wp-content\/uploads\/2024\/02\/location-01.svg\" alt=\"Search Location\" \/>\n                    <\/span>\n                                <h2 class=\"wf_title text-lg font-semibold uppercase text-brand\">4<\/h2>\n                <p class=\"wf_content mt-2 mb-0 text-sm text-light-text leading-6\">Standorte<\/p>\n            <\/div>\n                    <div class=\"wf_card bg-bg-white relative z-10 text-center shadow-main py-10 xl:py-16 px-6 rounded-lg\">\n                                    <span class=\"icon_bg flex justify-center mb-10 xl:mb-13\">\n                        <img decoding=\"async\" src=\"https:\/\/maik-rentcar.fdn-group.com\/wp-content\/uploads\/2024\/02\/car-01.svg\" alt=\"Search Location\" \/>\n                    <\/span>\n                                <h2 class=\"wf_title text-lg font-semibold uppercase text-brand\">9<\/h2>\n                <p class=\"wf_content mt-2 mb-0 text-sm text-light-text leading-6\">Autos<\/p>\n            <\/div>\n            <\/div>\n<\/div>\t\t\t\t<\/div>\n\t\t\t\t<\/div>\n\t\t\t\t\t<\/div>\n\t\t<\/div>\n\t\t\t\t\t<\/div>\n\t\t<\/section>\n\t\t<div class=\"elementor-element elementor-element-c241273 e-flex e-con-boxed e-con e-parent\" data-id=\"c241273\" data-element_type=\"container\" data-e-type=\"container\">\n\t\t\t\t\t<div class=\"e-con-inner\">\n\t\t\t\t<div class=\"elementor-element elementor-element-bd65022 elementor-widget elementor-widget-text-editor\" data-id=\"bd65022\" data-element_type=\"widget\" data-e-type=\"widget\" data-widget_type=\"text-editor.default\">\n\t\t\t\t<div class=\"elementor-widget-container\">\n\t\t\t\t\t\t\t\t\t<p>Die Fahrzeugvermietung Maik Car Rental ist ein griechisch-\u00f6sterreichischer Familienbetrieb in Metamorfosi auf der Chalkidiki. Das Hauptmerkmal der Firma ist das pers\u00f6nliche Interesse am Kunden, dem ein freundlicher Service geboten wird, um den Unterschied unter den Angeboten von Autovermietungen auszumachen.<br \/><br \/>Unsere Fahrzeugflotte besteht aus neuen Modellen, die stets in hervorragendem Zustand gehalten werden.<br \/><br \/>Dem Kunden wird immer ein sauberes Auto im perfekten technischen Zustand zur Verf\u00fcgung gestellt. Zus\u00e4tzliche verborgene Geb\u00fchren, wie Kindersitze, gibt es nicht bei Maik Cars. Unsere T\u00e4tigkeit umfasst haupts\u00e4chlich die Gebiete Chalkidiki und Thessaloniki, wo wir im Notfall unmittelbaren Service anbieten k\u00f6nnen.<br \/><br \/>Die Versicherungsdeckung f\u00fcr Auto und Insassen ist die bestm\u00f6gliche basierend auf dem Deckungsplan, den der Kunde bei Unterzeichnung des Automietvertrags ausw\u00e4hlt, ohne irgendwelche versteckten oder verf\u00e4nglichen Bedingungen.<br \/><br \/>Wenn der Kunde den Empfang des Autos am Flughafen Thessaloniki ausw\u00e4hlt, wird das Fahrzeug von uns pers\u00f6nlich direkt am Flughafen \u00fcbergeben. Wir warten auf Sie, wenn Sie Ihr Gep\u00e4ck entgegengenommen haben, dadurch vermeidet der Kunde die zeitaufwendige Suche nach dem Auto auf dem Parkplatz.<br \/><br \/>Wir stehen Ihnen gern zur Verf\u00fcgung, wenn Sie uns unverbindlich nach weiteren Informationen \u00fcber unsere Dienstleistungen fragen m\u00f6chten.<\/p>\t\t\t\t\t\t\t\t<\/div>\n\t\t\t\t<\/div>\n\t\t\t\t\t<\/div>\n\t\t\t\t<\/div>\n\t\t\t\t<\/div>\n\t\t\n    <div class=\"xs_social_share_widget xs_share_url after_content \t\tmain_content  wslu-style-1 wslu-share-box-shaped wslu-fill-colored wslu-none wslu-share-horizontal wslu-theme-font-no wslu-main_content\">\n\n\t\t\n        <ul>\n\t\t\t        <\/ul>\n    <\/div>","protected":false},"excerpt":{"rendered":"<p>Maik Car Rental is a family-owned Hellenic-Austrian company operating in Metamorfosis, Halkidiki. The main feature of the company is the personal interest to the customer offering friendly service, aiming to make the difference in the provision of car rental services. The fleet of our cars is made up of new models that are always kept [&hellip;]<\/p>\n","protected":false},"author":1,"featured_media":0,"parent":0,"menu_order":0,"comment_status":"closed","ping_status":"closed","template":"elementor_header_footer","meta":{"footnotes":""},"class_list":["post-1843","page","type-page","status-publish","hentry"],"_links":{"self":[{"href":"https:\/\/maik-rentcar.gr\/de\/wp-json\/wp\/v2\/pages\/1843","targetHints":{"allow":["GET"]}}],"collection":[{"href":"https:\/\/maik-rentcar.gr\/de\/wp-json\/wp\/v2\/pages"}],"about":[{"href":"https:\/\/maik-rentcar.gr\/de\/wp-json\/wp\/v2\/types\/page"}],"author":[{"embeddable":true,"href":"https:\/\/maik-rentcar.gr\/de\/wp-json\/wp\/v2\/users\/1"}],"replies":[{"embeddable":true,"href":"https:\/\/maik-rentcar.gr\/de\/wp-json\/wp\/v2\/comments?post=1843"}],"version-history":[{"count":53,"href":"https:\/\/maik-rentcar.gr\/de\/wp-json\/wp\/v2\/pages\/1843\/revisions"}],"predecessor-version":[{"id":13302,"href":"https:\/\/maik-rentcar.gr\/de\/wp-json\/wp\/v2\/pages\/1843\/revisions\/13302"}],"wp:attachment":[{"href":"https:\/\/maik-rentcar.gr\/de\/wp-json\/wp\/v2\/media?parent=1843"}],"curies":[{"name":"wp","href":"https:\/\/api.w.org\/{rel}","templated":true}]}}